{"id":2076,"date":"2020-06-06T09:41:52","date_gmt":"2020-06-06T09:41:52","guid":{"rendered":"http:\/\/tcje.org\/?page_id=2076"},"modified":"2020-06-06T09:46:04","modified_gmt":"2020-06-06T09:46:04","slug":"investigime","status":"publish","type":"page","link":"https:\/\/tcje.org\/index.php\/sq\/investigime\/","title":{"rendered":"Investigime"},"content":{"rendered":"<p>[vc_row][vc_column][tm_heading tag=&#8221;h5&#8243; custom_google_font=&#8221;&#8221; google_fonts=&#8221;font_family:Poppins%3A300%2Cregular%2C500%2C600%2C700|font_style:400%20regular%3A400%3Anormal&#8221;]Nj\u00eb seri raportesh investigative jan\u00eb prodhuar n\u00eb kuad\u00ebr t\u00eb projekteve t\u00eb zbatuara nga TCJE nd\u00ebr vite. N\u00eb k\u00ebt\u00eb seksion mund t\u00eb lexoni artikujt m\u00eb t\u00eb fundit.[\/tm_heading][\/vc_column][\/vc_row][vc_row][vc_column][tm_spacer size=&#8221;lg:50&#8243;][\/vc_column][\/vc_row][vc_row][vc_column][vc_basic_grid post_type=&#8221;post&#8221; max_items=&#8221;-1&#8243; element_width=&#8221;3&#8243; gap=&#8221;25&#8243; grid_id=&#8221;vc_gid:1591436390369-f0f68954-94fc-5&#8243; taxonomies=&#8221;47&#8243;][\/vc_column][\/vc_row]<\/p>\n","protected":false},"excerpt":{"rendered":"<p>[vc_row][vc_column][tm_heading tag=&#8221;h5&#8243; custom_google_font=&#8221;&#8221; google_fonts=&#8221;font_family:Poppins%3A300%2Cregular%2C500%2C600%2C700|font_style:400%20regular%3A400%3Anormal&#8221;]Nj\u00eb seri raportesh investigative jan\u00eb prodhuar n\u00eb kuad\u00ebr t\u00eb projekteve t\u00eb zbatuara nga TCJE nd\u00ebr vite. N\u00eb k\u00ebt\u00eb seksion mund t\u00eb lexoni artikujt m\u00eb t\u00eb fundit.[\/tm_heading][\/vc_column][\/vc_row][vc_row][vc_column][tm_spacer size=&#8221;lg:50&#8243;][\/vc_column][\/vc_row][vc_row][vc_column][vc_basic_grid post_type=&#8221;post&#8221; max_items=&#8221;-1&#8243; element_width=&#8221;3&#8243; gap=&#8221;25&#8243; grid_id=&#8221;vc_gid:1591436390369-f0f68954-94fc-5&#8243; taxonomies=&#8221;47&#8243;][\/vc_column][\/vc_row]<\/p>\n","protected":false},"author":1,"featured_media":0,"parent":0,"menu_order":0,"comment_status":"closed","ping_status":"closed","template":"","meta":[],"_links":{"self":[{"href":"https:\/\/tcje.org\/index.php\/wp-json\/wp\/v2\/pages\/2076"}],"collection":[{"href":"https:\/\/tcje.org\/index.php\/wp-json\/wp\/v2\/pages"}],"about":[{"href":"https:\/\/tcje.org\/index.php\/wp-json\/wp\/v2\/types\/page"}],"author":[{"embeddable":true,"href":"https:\/\/tcje.org\/index.php\/wp-json\/wp\/v2\/users\/1"}],"replies":[{"embeddable":true,"href":"https:\/\/tcje.org\/index.php\/wp-json\/wp\/v2\/comments?post=2076"}],"version-history":[{"count":0,"href":"https:\/\/tcje.org\/index.php\/wp-json\/wp\/v2\/pages\/2076\/revisions"}],"wp:attachment":[{"href":"https:\/\/tcje.org\/index.php\/wp-json\/wp\/v2\/media?parent=2076"}],"curies":[{"name":"wp","href":"https:\/\/api.w.org\/{rel}","templated":true}]}}