{"id":2060,"date":"2020-06-06T09:06:03","date_gmt":"2020-06-06T09:06:03","guid":{"rendered":"http:\/\/tcje.org\/?page_id=2060"},"modified":"2020-06-06T09:44:33","modified_gmt":"2020-06-06T09:44:33","slug":"zgjedhjet","status":"publish","type":"page","link":"https:\/\/tcje.org\/index.php\/sq\/zgjedhjet\/","title":{"rendered":"Zgjedhjet"},"content":{"rendered":"<p>[vc_row][vc_column][tm_heading tag=&#8221;h5&#8243; custom_google_font=&#8221;&#8221; google_fonts=&#8221;font_family:Poppins%3A300%2Cregular%2C500%2C600%2C700|font_style:400%20regular%3A400%3Anormal&#8221;]Q\u00eb prej themelimit t\u00eb saj, TCJE ka punuar p\u00ebr t\u00eb ofruar nj\u00eb mbulim mediatik t\u00eb holl\u00ebsish\u00ebm dhe t\u00eb pavarur mbi zgjedhjet n\u00eb Shqip\u00ebri.[\/tm_heading][\/vc_column][\/vc_row][vc_row][vc_column][tm_spacer size=&#8221;lg:50&#8243;][\/vc_column][\/vc_row][vc_row][vc_column][vc_basic_grid post_type=&#8221;post&#8221; max_items=&#8221;-1&#8243; element_width=&#8221;3&#8243; gap=&#8221;25&#8243; grid_id=&#8221;vc_gid:1591434280669-b69d00e9-3e2f-2&#8243;][\/vc_column][\/vc_row]<\/p>\n","protected":false},"excerpt":{"rendered":"<p>[vc_row][vc_column][tm_heading tag=&#8221;h5&#8243; custom_google_font=&#8221;&#8221; google_fonts=&#8221;font_family:Poppins%3A300%2Cregular%2C500%2C600%2C700|font_style:400%20regular%3A400%3Anormal&#8221;]Q\u00eb prej themelimit t\u00eb saj, TCJE ka punuar p\u00ebr t\u00eb ofruar nj\u00eb mbulim mediatik t\u00eb holl\u00ebsish\u00ebm dhe t\u00eb pavarur mbi zgjedhjet n\u00eb Shqip\u00ebri.[\/tm_heading][\/vc_column][\/vc_row][vc_row][vc_column][tm_spacer size=&#8221;lg:50&#8243;][\/vc_column][\/vc_row][vc_row][vc_column][vc_basic_grid post_type=&#8221;post&#8221; max_items=&#8221;-1&#8243; element_width=&#8221;3&#8243; gap=&#8221;25&#8243; grid_id=&#8221;vc_gid:1591434280669-b69d00e9-3e2f-2&#8243;][\/vc_column][\/vc_row]<\/p>\n","protected":false},"author":1,"featured_media":0,"parent":0,"menu_order":0,"comment_status":"closed","ping_status":"closed","template":"","meta":[],"_links":{"self":[{"href":"https:\/\/tcje.org\/index.php\/wp-json\/wp\/v2\/pages\/2060"}],"collection":[{"href":"https:\/\/tcje.org\/index.php\/wp-json\/wp\/v2\/pages"}],"about":[{"href":"https:\/\/tcje.org\/index.php\/wp-json\/wp\/v2\/types\/page"}],"author":[{"embeddable":true,"href":"https:\/\/tcje.org\/index.php\/wp-json\/wp\/v2\/users\/1"}],"replies":[{"embeddable":true,"href":"https:\/\/tcje.org\/index.php\/wp-json\/wp\/v2\/comments?post=2060"}],"version-history":[{"count":0,"href":"https:\/\/tcje.org\/index.php\/wp-json\/wp\/v2\/pages\/2060\/revisions"}],"wp:attachment":[{"href":"https:\/\/tcje.org\/index.php\/wp-json\/wp\/v2\/media?parent=2060"}],"curies":[{"name":"wp","href":"https:\/\/api.w.org\/{rel}","templated":true}]}}