{"id":1959,"date":"2020-06-01T10:00:11","date_gmt":"2020-06-01T10:00:11","guid":{"rendered":"http:\/\/tcje.org\/index.php\/resolutions-shqip\/"},"modified":"2020-06-06T07:43:48","modified_gmt":"2020-06-06T07:43:48","slug":"resolutions-shqip","status":"publish","type":"page","link":"https:\/\/tcje.org\/index.php\/sq\/resolutions-shqip\/","title":{"rendered":"Kreu"},"content":{"rendered":"<p>[vc_row full_width=&#8221;stretch_row&#8221; content_placement=&#8221;middle&#8221; background_color=&#8221;custom&#8221; separator_type=&#8221;center_curve_alt&#8221; custom_separator_color=&#8221;#f8f8f8&#8243; custom_background_color=&#8221;#111111&#8243; background_image=&#8221;1756&#8243; background_position=&#8221;center&#8221; separator_height=&#8221;lg:90&#8243; el_class=&#8221;banner-hp&#8221;][vc_column][tm_spacer size=&#8221;sm:180;lg:268&#8243;][tm_heading tag=&#8221;h6&#8243; custom_google_font=&#8221;&#8221; align=&#8221;center&#8221; text_color=&#8221;custom&#8221; custom_text_color=&#8221;#ffffff&#8221; font_size=&#8221;sm:45;md:50;lg:65&#8243; line_height=&#8221;1.2&#8243;]Qendra p\u00ebr Ekselenc\u00eb n\u00eb Gazetari \u2013 Tiran\u00eb[\/tm_heading][tm_spacer size=&#8221;lg:15&#8243;][tm_spacer size=&#8221;lg:29&#8243;][tm_heading tag=&#8221;div&#8221; custom_google_font=&#8221;&#8221; font_weight=&#8221;500&#8243; align=&#8221;center&#8221; text_color=&#8221;custom&#8221; custom_text_color=&#8221;#ffffff&#8221;]TCJE \u00ebsht\u00eb nj\u00eb organizat\u00eb joqeveritare dhe jofitimprur\u00ebse q\u00eb synon t\u00eb p\u00ebrmir\u00ebsoj\u00eb cil\u00ebsin\u00eb e gazetaris\u00eb n\u00eb Shqip\u00ebri, duke ofruar nj\u00eb mbulim mediatik profesional dhe t\u00eb pavarur q\u00eb \u00ebsht\u00eb i lir\u00eb nga presionet politike dhe komerciale me cilat p\u00ebrballen shpesh mediat shqiptare.[\/tm_heading][tm_spacer size=&#8221;lg:56&#8243;][tm_button_group align=&#8221;center&#8221;][tm_button size=&#8221;custom&#8221; button=&#8221;url:http%3A%2F%2Ftcje.org%2Findex.php%2Fprojects%2F|title:Projects|target:%20_blank|&#8221; icon_align=&#8221;left&#8221; width=&#8221;175&#8243; icon_font_size=&#8221;lg:14&#8243;][tm_button size=&#8221;custom&#8221; button=&#8221;url:http%3A%2F%2Ftcje.org%2Findex.php%2Fcontact-us%2F|title:Contact|target:%20_blank|&#8221; icon_align=&#8221;left&#8221; icon_type=&#8221;fontawesome5&#8243; icon_fontawesome5=&#8221;fa fa-play&#8221; color=&#8221;custom&#8221; button_bg_color=&#8221;custom&#8221; font_color=&#8221;primary&#8221; button_border_color=&#8221;custom&#8221; button_icon_color=&#8221;primary&#8221; button_bg_color_hover=&#8221;primary&#8221; font_color_hover=&#8221;custom&#8221; button_border_color_hover=&#8221;primary&#8221; button_icon_color_hover=&#8221;custom&#8221; width=&#8221;175&#8243; custom_font_color_hover=&#8221;#ffffff&#8221; custom_button_icon_color_hover=&#8221;#ffffff&#8221; icon_font_size=&#8221;lg:10&#8243; custom_button_bg_color=&#8221;#ffffff&#8221; custom_button_border_color=&#8221;#ffffff&#8221;][\/tm_button_group][tm_spacer size=&#8221;lg:258&#8243;][\/vc_column][\/vc_row][vc_row full_width=&#8221;stretch_row&#8221;][vc_column][tm_spacer size=&#8221;sm:104;lg:124&#8243;][vc_row_inner content_placement=&#8221;middle&#8221;][vc_column_inner width=&#8221;2\/3&#8243;][tm_heading tag=&#8221;h4&#8243; custom_google_font=&#8221;&#8221; font_size=&#8221;sm:18;md:24;lg:30&#8243; line_height=&#8221;1.4&#8243;]TCJE fokusohet n\u00eb mbulimin mediatik q\u00eb forcon demokracin\u00eb dhe shtetin ligjor n\u00eb Shqip\u00ebri. Ajo gjithashtu synon<mark> t\u00eb ndihmoj\u00eb n\u00eb p\u00ebrmir\u00ebsimin e lirive t\u00eb medias, mb\u00ebshtetur forcimin e rolit t\u00eb medias n\u00eb shoq\u00ebrin\u00eb shqiptare. <\/mark>[\/tm_heading][tm_spacer size=&#8221;xs:30&#8243;][\/vc_column_inner][vc_column_inner width=&#8221;1\/3&#8243;][tm_button size=&#8221;custom&#8221; button=&#8221;url:http%3A%2F%2Ftcje.org%2Findex.php%2Fabout-us%2F|title:Rreth%20nesh|target:%20_blank|&#8221; icon_align=&#8221;left&#8221; align=&#8221;right&#8221; xs_align=&#8221;left&#8221; width=&#8221;180&#8243; icon_font_size=&#8221;lg:14&#8243;][\/vc_column_inner][\/vc_row_inner][tm_spacer size=&#8221;lg:66&#8243;][tm_grid columns=&#8221;xs:1;sm:2;lg:4&#8243; column_gutter=&#8221;lg:30&#8243; row_gutter=&#8221;lg:30&#8243;][tm_box_icon align=&#8221;center&#8221; icon_type=&#8221;linea_svg&#8221; icon_linea_svg=&#8221;linea-basic-todo-pencil&#8221; box_link=&#8221;url:http%3A%2F%2Ftcje.org%2Findex.php%2Fprojects%2F|title:Projekte||&#8221; heading=&#8221;Projekte&#8221; button=&#8221;url:http%3A%2F%2Ftcje.org%2Findex.php%2Fprojects%2F|title:Discover%20now||&#8221;][tm_box_icon align=&#8221;center&#8221; icon_type=&#8221;linea_svg&#8221; icon_linea_svg=&#8221;linea-basic-magnifier-plus&#8221; box_link=&#8221;url:http%3A%2F%2Ftcje.org%2Findex.php%2Fsq%2Finvestigime%2F|title:Investigime||&#8221; heading=&#8221;Investigime&#8221; button=&#8221;url:http%3A%2F%2Ftcje.org%2Findex.php%2Finvestigations%2F|title:Discover%20now||&#8221;][tm_box_icon align=&#8221;center&#8221; icon_type=&#8221;linea_svg&#8221; icon_linea_svg=&#8221;linea-basic-spread-bookmark&#8221; box_link=&#8221;url:http%3A%2F%2Ftcje.org%2Findex.php%2Ftrainings-events%2F|title:Trajnime%20%26%20Evente||&#8221; heading=&#8221;Trajnime &amp; Evente&#8221; button=&#8221;url:http%3A%2F%2Ftcje.org%2Findex.php%2Ftrainings-events%2F|title:Discover%20now||&#8221;][tm_box_icon align=&#8221;center&#8221; icon_type=&#8221;linea_svg&#8221; icon_linea_svg=&#8221;linea-basic-spread-text&#8221; box_link=&#8221;url:http%3A%2F%2Ftcje.org%2Findex.php%2Fpublications%2F|title:Publikime||&#8221; heading=&#8221;Publikime&#8221; button=&#8221;url:http%3A%2F%2Ftcje.org%2Findex.php%2Fpublications%2F|title:Discover%20now||&#8221;][\/tm_grid][tm_spacer size=&#8221;lg:120&#8243;][\/vc_column][\/vc_row][vc_row full_width=&#8221;stretch_row&#8221; content_placement=&#8221;middle&#8221; background_color=&#8221;custom&#8221; background_size=&#8221;auto&#8221; custom_background_color=&#8221;#891201&#8243; background_image=&#8221;379&#8243; lg_spacing=&#8221;padding_top:128;padding_bottom:128&#8243; background_position=&#8221;top right&#8221; sm_spacing=&#8221;padding_top:100;padding_bottom:100&#8243;][vc_column width=&#8221;1\/2&#8243;][tm_heading style=&#8221;left-line&#8221; tag=&#8221;h5&#8243; custom_google_font=&#8221;&#8221; google_fonts=&#8221;font_family:Poppins%3A300%2Cregular%2C500%2C600%2C700|font_style:500%20medium%20regular%3A500%3Anormal&#8221; text_color=&#8221;custom&#8221; custom_text_color=&#8221;#ffffff&#8221; max_width=&#8221;470px&#8221; font_size=&#8221;lg:36&#8243;]Na shkruani p\u00ebr informacione m\u00eb t\u00eb detajuara.[\/tm_heading][tm_spacer size=&#8221;lg:12&#8243;][tm_heading tag=&#8221;div&#8221; custom_google_font=&#8221;&#8221; text_color=&#8221;custom&#8221; custom_text_color=&#8221;#ffffff&#8221; font_size=&#8221;lg:18&#8243; line_height=&#8221;1.67&#8243; css=&#8221;.vc_custom_1591007201174{margin-left: 34px !important;}&#8221;]Do ju kontaktojm\u00eb s\u00eb shpejti.[\/tm_heading][tm_spacer size=&#8221;xs:40&#8243;][\/vc_column][vc_column width=&#8221;1\/2&#8243;][tm_icon icon_type=&#8221;fontawesome5&#8243; icon_fontawesome5=&#8221;fal fa-phone&#8221; align=&#8221;center&#8221; icon_color=&#8221;custom&#8221; custom_icon_color=&#8221;#ffffff&#8221; font_size=&#8221;lg:40&#8243;][tm_spacer size=&#8221;lg:16&#8243;][tm_heading style=&#8221;modern-02&#8243; tag=&#8221;h4&#8243; custom_google_font=&#8221;&#8221; align=&#8221;center&#8221; text_color=&#8221;custom&#8221; custom_text_color=&#8221;rgba(255,255,255,0.8)&#8221;]Telefon[\/tm_heading][tm_spacer size=&#8221;lg:3&#8243;][tm_heading tag=&#8221;h5&#8243; custom_google_font=&#8221;&#8221; align=&#8221;center&#8221; text_color=&#8221;secondary&#8221; hover_text_color=&#8221;secondary&#8221; font_size=&#8221;sm:20;md:18;lg:24&#8243; line_height=&#8221;1.17&#8243;]+ 355 444 000 84[\/tm_heading][tm_spacer size=&#8221;lg:26&#8243;][tm_button size=&#8221;custom&#8221; button=&#8221;url:http%3A%2F%2Ftcje.org%2Findex.php%2Fcontact-us%2F|title:Kontakt|target:%20_blank|&#8221; align=&#8221;center&#8221; color=&#8221;custom&#8221; button_bg_color=&#8221;custom&#8221; font_color=&#8221;primary&#8221; button_border_color=&#8221;custom&#8221; button_bg_color_hover=&#8221;secondary&#8221; font_color_hover=&#8221;custom&#8221; button_border_color_hover=&#8221;secondary&#8221; width=&#8221;230&#8243; custom_button_bg_color=&#8221;#ffffff&#8221; custom_button_border_color=&#8221;#ffffff&#8221; custom_font_color_hover=&#8221;#ffffff&#8221;][\/vc_column][\/vc_row][vc_row lg_spacing=&#8221;padding_top:70;padding_bottom:70&#8243;][vc_column][tm_heading custom_google_font=&#8221;&#8221; align=&#8221;center&#8221; css=&#8221;.vc_custom_1591429145461{margin-bottom: 60px !important;}&#8221;]Projekte &amp; Investigime[\/tm_heading][tm_blog style=&#8221;grid-classic&#8221; number=&#8221;3&#8243; pagination=&#8221;pagination&#8221; columns=&#8221;xs:1;sm:2;lg:3&#8243; column_gutter=&#8221;lg:30&#8243; row_gutter=&#8221;lg:65&#8243;][\/vc_column][\/vc_row][vc_section full_width=&#8221;stretch_row&#8221; background_color=&#8221;custom&#8221; lg_spacing=&#8221;padding_top:60;padding_bottom:60&#8243; custom_background_color=&#8221;#f8f8f8&#8243;][vc_row][vc_column][tm_heading custom_google_font=&#8221;&#8221; align=&#8221;center&#8221; css=&#8221;.vc_custom_1591007263342{margin-bottom: 60px !important;}&#8221;]Publikime[\/tm_heading][\/vc_column][\/vc_row][vc_row][vc_column][tm_slider_gallery gutter=&#8221;30&#8243; images=&#8221;1782,1781,1780,1777,1778&#8243; items_display=&#8221;xs:1;sm:2;md:3;lg:4&#8243;][\/vc_column][\/vc_row][\/vc_section]<\/p>\n","protected":false},"excerpt":{"rendered":"<p>[vc_row full_width=&#8221;stretch_row&#8221; content_placement=&#8221;middle&#8221; background_color=&#8221;custom&#8221; separator_type=&#8221;center_curve_alt&#8221; custom_separator_color=&#8221;#f8f8f8&#8243; custom_background_color=&#8221;#111111&#8243; background_image=&#8221;1756&#8243; background_position=&#8221;center&#8221; separator_height=&#8221;lg:90&#8243; el_class=&#8221;banner-hp&#8221;][vc_column][tm_spacer size=&#8221;sm:180;lg:268&#8243;][tm_heading tag=&#8221;h6&#8243; custom_google_font=&#8221;&#8221; align=&#8221;center&#8221; text_color=&#8221;custom&#8221; custom_text_color=&#8221;#ffffff&#8221; font_size=&#8221;sm:45;md:50;lg:65&#8243; line_height=&#8221;1.2&#8243;]Qendra p\u00ebr Ekselenc\u00eb n\u00eb Gazetari \u2013 Tiran\u00eb[\/tm_heading][tm_spacer size=&#8221;lg:15&#8243;][tm_spacer size=&#8221;lg:29&#8243;][tm_heading tag=&#8221;div&#8221; custom_google_font=&#8221;&#8221; font_weight=&#8221;500&#8243; align=&#8221;center&#8221; text_color=&#8221;custom&#8221; custom_text_color=&#8221;#ffffff&#8221;]TCJE \u00ebsht\u00eb nj\u00eb organizat\u00eb joqeveritare dhe jofitimprur\u00ebse q\u00eb synon t\u00eb p\u00ebrmir\u00ebsoj\u00eb cil\u00ebsin\u00eb e gazetaris\u00eb n\u00eb Shqip\u00ebri, duke ofruar nj\u00eb mbulim mediatik profesional dhe t\u00eb pavarur q\u00eb \u00ebsht\u00eb i lir\u00eb nga presionet politike dhe komerciale me cilat p\u00ebrballen shpesh mediat shqiptare.[\/tm_heading][tm_spacer size=&#8221;lg:56&#8243;][tm_button_group align=&#8221;center&#8221;][tm_button size=&#8221;custom&#8221; button=&#8221;url:http%3A%2F%2Ftcje.org%2Findex.php%2Fprojects%2F|title:Projects|target:%20_blank|&#8221; icon_align=&#8221;left&#8221; width=&#8221;175&#8243; icon_font_size=&#8221;lg:14&#8243;][tm_button size=&#8221;custom&#8221; button=&#8221;url:http%3A%2F%2Ftcje.org%2Findex.php%2Fcontact-us%2F|title:Contact|target:%20_blank|&#8221; icon_align=&#8221;left&#8221; icon_type=&#8221;fontawesome5&#8243; icon_fontawesome5=&#8221;fa fa-play&#8221; color=&#8221;custom&#8221; button_bg_color=&#8221;custom&#8221; font_color=&#8221;primary&#8221; button_border_color=&#8221;custom&#8221; button_icon_color=&#8221;primary&#8221; button_bg_color_hover=&#8221;primary&#8221; font_color_hover=&#8221;custom&#8221; button_border_color_hover=&#8221;primary&#8221; button_icon_color_hover=&#8221;custom&#8221; width=&#8221;175&#8243; custom_font_color_hover=&#8221;#ffffff&#8221; custom_button_icon_color_hover=&#8221;#ffffff&#8221; icon_font_size=&#8221;lg:10&#8243; custom_button_bg_color=&#8221;#ffffff&#8221; custom_button_border_color=&#8221;#ffffff&#8221;][\/tm_button_group][tm_spacer size=&#8221;lg:258&#8243;][\/vc_column][\/vc_row][vc_row full_width=&#8221;stretch_row&#8221;][vc_column][tm_spacer size=&#8221;sm:104;lg:124&#8243;][vc_row_inner content_placement=&#8221;middle&#8221;][vc_column_inner width=&#8221;2\/3&#8243;][tm_heading tag=&#8221;h4&#8243; custom_google_font=&#8221;&#8221; font_size=&#8221;sm:18;md:24;lg:30&#8243; line_height=&#8221;1.4&#8243;]TCJE fokusohet n\u00eb mbulimin mediatik q\u00eb forcon demokracin\u00eb dhe shtetin ligjor n\u00eb Shqip\u00ebri. Ajo gjithashtu synon t\u00eb ndihmoj\u00eb n\u00eb p\u00ebrmir\u00ebsimin e lirive t\u00eb medias, mb\u00ebshtetur forcimin e rolit t\u00eb medias n\u00eb shoq\u00ebrin\u00eb shqiptare. [\/tm_heading][tm_spacer size=&#8221;xs:30&#8243;][\/vc_column_inner][vc_column_inner width=&#8221;1\/3&#8243;][tm_button size=&#8221;custom&#8221; button=&#8221;url:http%3A%2F%2Ftcje.org%2Findex.php%2Fabout-us%2F|title:Rreth%20nesh|target:%20_blank|&#8221; icon_align=&#8221;left&#8221; align=&#8221;right&#8221; xs_align=&#8221;left&#8221; width=&#8221;180&#8243; icon_font_size=&#8221;lg:14&#8243;][\/vc_column_inner][\/vc_row_inner][tm_spacer size=&#8221;lg:66&#8243;][tm_grid columns=&#8221;xs:1;sm:2;lg:4&#8243; column_gutter=&#8221;lg:30&#8243; row_gutter=&#8221;lg:30&#8243;][tm_box_icon align=&#8221;center&#8221; icon_type=&#8221;linea_svg&#8221; icon_linea_svg=&#8221;linea-basic-todo-pencil&#8221; box_link=&#8221;url:http%3A%2F%2Ftcje.org%2Findex.php%2Fprojects%2F|title:Projekte||&#8221; heading=&#8221;Projekte&#8221; button=&#8221;url:http%3A%2F%2Ftcje.org%2Findex.php%2Fprojects%2F|title:Discover%20now||&#8221;][tm_box_icon align=&#8221;center&#8221; icon_type=&#8221;linea_svg&#8221; icon_linea_svg=&#8221;linea-basic-magnifier-plus&#8221; box_link=&#8221;url:http%3A%2F%2Ftcje.org%2Findex.php%2Fsq%2Finvestigime%2F|title:Investigime||&#8221; heading=&#8221;Investigime&#8221; button=&#8221;url:http%3A%2F%2Ftcje.org%2Findex.php%2Finvestigations%2F|title:Discover%20now||&#8221;][tm_box_icon align=&#8221;center&#8221; icon_type=&#8221;linea_svg&#8221; icon_linea_svg=&#8221;linea-basic-spread-bookmark&#8221; box_link=&#8221;url:http%3A%2F%2Ftcje.org%2Findex.php%2Ftrainings-events%2F|title:Trajnime%20%26%20Evente||&#8221; heading=&#8221;Trajnime &amp; Evente&#8221; button=&#8221;url:http%3A%2F%2Ftcje.org%2Findex.php%2Ftrainings-events%2F|title:Discover%20now||&#8221;][tm_box_icon align=&#8221;center&#8221; icon_type=&#8221;linea_svg&#8221; icon_linea_svg=&#8221;linea-basic-spread-text&#8221; box_link=&#8221;url:http%3A%2F%2Ftcje.org%2Findex.php%2Fpublications%2F|title:Publikime||&#8221; heading=&#8221;Publikime&#8221; button=&#8221;url:http%3A%2F%2Ftcje.org%2Findex.php%2Fpublications%2F|title:Discover%20now||&#8221;][\/tm_grid][tm_spacer size=&#8221;lg:120&#8243;][\/vc_column][\/vc_row][vc_row full_width=&#8221;stretch_row&#8221; content_placement=&#8221;middle&#8221; background_color=&#8221;custom&#8221; background_size=&#8221;auto&#8221; custom_background_color=&#8221;#891201&#8243; background_image=&#8221;379&#8243; lg_spacing=&#8221;padding_top:128;padding_bottom:128&#8243; background_position=&#8221;top right&#8221; sm_spacing=&#8221;padding_top:100;padding_bottom:100&#8243;][vc_column width=&#8221;1\/2&#8243;][tm_heading style=&#8221;left-line&#8221; tag=&#8221;h5&#8243; custom_google_font=&#8221;&#8221; google_fonts=&#8221;font_family:Poppins%3A300%2Cregular%2C500%2C600%2C700|font_style:500%20medium%20regular%3A500%3Anormal&#8221; text_color=&#8221;custom&#8221; custom_text_color=&#8221;#ffffff&#8221; max_width=&#8221;470px&#8221; font_size=&#8221;lg:36&#8243;]Na shkruani p\u00ebr informacione m\u00eb t\u00eb detajuara.[\/tm_heading][tm_spacer size=&#8221;lg:12&#8243;][tm_heading tag=&#8221;div&#8221; custom_google_font=&#8221;&#8221; text_color=&#8221;custom&#8221; custom_text_color=&#8221;#ffffff&#8221; font_size=&#8221;lg:18&#8243; line_height=&#8221;1.67&#8243; css=&#8221;.vc_custom_1591007201174{margin-left: 34px !important;}&#8221;]Do ju kontaktojm\u00eb s\u00eb shpejti.[\/tm_heading][tm_spacer size=&#8221;xs:40&#8243;][\/vc_column][vc_column width=&#8221;1\/2&#8243;][tm_icon icon_type=&#8221;fontawesome5&#8243; icon_fontawesome5=&#8221;fal fa-phone&#8221; align=&#8221;center&#8221; icon_color=&#8221;custom&#8221; custom_icon_color=&#8221;#ffffff&#8221; font_size=&#8221;lg:40&#8243;][tm_spacer size=&#8221;lg:16&#8243;][tm_heading style=&#8221;modern-02&#8243; tag=&#8221;h4&#8243; custom_google_font=&#8221;&#8221; align=&#8221;center&#8221; text_color=&#8221;custom&#8221; custom_text_color=&#8221;rgba(255,255,255,0.8)&#8221;]Telefon[\/tm_heading][tm_spacer size=&#8221;lg:3&#8243;][tm_heading tag=&#8221;h5&#8243; custom_google_font=&#8221;&#8221; align=&#8221;center&#8221; text_color=&#8221;secondary&#8221; hover_text_color=&#8221;secondary&#8221; font_size=&#8221;sm:20;md:18;lg:24&#8243; line_height=&#8221;1.17&#8243;]+ 355 444 000 84[\/tm_heading][tm_spacer size=&#8221;lg:26&#8243;][tm_button size=&#8221;custom&#8221; button=&#8221;url:http%3A%2F%2Ftcje.org%2Findex.php%2Fcontact-us%2F|title:Kontakt|target:%20_blank|&#8221; align=&#8221;center&#8221; color=&#8221;custom&#8221; button_bg_color=&#8221;custom&#8221; font_color=&#8221;primary&#8221; button_border_color=&#8221;custom&#8221; button_bg_color_hover=&#8221;secondary&#8221; font_color_hover=&#8221;custom&#8221; button_border_color_hover=&#8221;secondary&#8221; width=&#8221;230&#8243; custom_button_bg_color=&#8221;#ffffff&#8221; custom_button_border_color=&#8221;#ffffff&#8221; custom_font_color_hover=&#8221;#ffffff&#8221;][\/vc_column][\/vc_row][vc_row lg_spacing=&#8221;padding_top:70;padding_bottom:70&#8243;][vc_column][tm_heading custom_google_font=&#8221;&#8221; align=&#8221;center&#8221; css=&#8221;.vc_custom_1591429145461{margin-bottom: 60px !important;}&#8221;]Projekte &amp; Investigime[\/tm_heading][tm_blog style=&#8221;grid-classic&#8221; number=&#8221;3&#8243; pagination=&#8221;pagination&#8221; columns=&#8221;xs:1;sm:2;lg:3&#8243; column_gutter=&#8221;lg:30&#8243; row_gutter=&#8221;lg:65&#8243;][\/vc_column][\/vc_row][vc_section full_width=&#8221;stretch_row&#8221; background_color=&#8221;custom&#8221; lg_spacing=&#8221;padding_top:60;padding_bottom:60&#8243; custom_background_color=&#8221;#f8f8f8&#8243;][vc_row][vc_column][tm_heading custom_google_font=&#8221;&#8221; align=&#8221;center&#8221; css=&#8221;.vc_custom_1591007263342{margin-bottom: 60px !important;}&#8221;]Publikime[\/tm_heading][\/vc_column][\/vc_row][vc_row][vc_column][tm_slider_gallery gutter=&#8221;30&#8243; images=&#8221;1782,1781,1780,1777,1778&#8243; items_display=&#8221;xs:1;sm:2;md:3;lg:4&#8243;][\/vc_column][\/vc_row][\/vc_section]<\/p>\n","protected":false},"author":1,"featured_media":0,"parent":0,"menu_order":0,"comment_status":"closed","ping_status":"closed","template":"","meta":[],"_links":{"self":[{"href":"https:\/\/tcje.org\/index.php\/wp-json\/wp\/v2\/pages\/1959"}],"collection":[{"href":"https:\/\/tcje.org\/index.php\/wp-json\/wp\/v2\/pages"}],"about":[{"href":"https:\/\/tcje.org\/index.php\/wp-json\/wp\/v2\/types\/page"}],"author":[{"embeddable":true,"href":"https:\/\/tcje.org\/index.php\/wp-json\/wp\/v2\/users\/1"}],"replies":[{"embeddable":true,"href":"https:\/\/tcje.org\/index.php\/wp-json\/wp\/v2\/comments?post=1959"}],"version-history":[{"count":0,"href":"https:\/\/tcje.org\/index.php\/wp-json\/wp\/v2\/pages\/1959\/revisions"}],"wp:attachment":[{"href":"https:\/\/tcje.org\/index.php\/wp-json\/wp\/v2\/media?parent=1959"}],"curies":[{"name":"wp","href":"https:\/\/api.w.org\/{rel}","templated":true}]}}